{"id":3430,"date":"2024-08-29T15:01:15","date_gmt":"2024-08-29T15:01:15","guid":{"rendered":"https:\/\/fishcollection.store\/?page_id=3430"},"modified":"2024-08-29T15:02:03","modified_gmt":"2024-08-29T15:02:03","slug":"shipping-information","status":"publish","type":"page","link":"https:\/\/fishcollection.store\/en\/informacao-de-envio\/","title":{"rendered":"Shipping Information"},"content":{"rendered":"<div data-elementor-type=\"wp-page\" data-elementor-id=\"3430\" class=\"elementor elementor-3430\">\n\t\t\t\t\t\t<section data-ka-cursor-size=\"1\" class=\"elementor-section elementor-top-section elementor-element elementor-element-4a723b7b elementor-section-boxed elementor-section-height-default elementor-section-height-default\" data-id=\"4a723b7b\" data-element_type=\"section\" data-e-type=\"section\" data-settings=\"{&quot;kng_cursor_interaction&quot;:&quot;default&quot;,&quot;kng_cursor_magnetic&quot;:&quot;none&quot;,&quot;kng_cursor_size_multiplier&quot;:{&quot;unit&quot;:&quot;px&quot;,&quot;size&quot;:1,&quot;sizes&quot;:[]}}\">\n\t\t\t\t\t\t<div class=\"elementor-container elementor-column-gap-default\">\n\t\t\t\t\t<div data-ka-cursor-size=\"1\" class=\"elementor-column elementor-col-100 elementor-top-column elementor-element elementor-element-18bd39bd\" data-id=\"18bd39bd\" data-element_type=\"column\" data-e-type=\"column\" data-settings=\"{&quot;kng_cursor_interaction&quot;:&quot;default&quot;,&quot;kng_cursor_magnetic&quot;:&quot;none&quot;,&quot;kng_cursor_size_multiplier&quot;:{&quot;unit&quot;:&quot;px&quot;,&quot;size&quot;:1,&quot;sizes&quot;:[]}}\">\n\t\t\t<div class=\"elementor-widget-wrap elementor-element-populated\">\n\t\t\t\t\t\t<div data-ka-cursor-size=\"1\" class=\"elementor-element elementor-element-7ce70f01 elementor-widget elementor-widget-text-editor\" data-id=\"7ce70f01\" data-element_type=\"widget\" data-e-type=\"widget\" data-settings=\"{&quot;kng_cursor_interaction&quot;:&quot;default&quot;,&quot;kng_cursor_magnetic&quot;:&quot;none&quot;,&quot;kng_cursor_size_multiplier&quot;:{&quot;unit&quot;:&quot;px&quot;,&quot;size&quot;:1,&quot;sizes&quot;:[]}}\" data-widget_type=\"text-editor.default\">\n\t\t\t\t<div class=\"elementor-widget-container\">\n\t\t\t\t\t\t\t\t\t<h2>Shipping Policy - Fish Collection<\/h2><h3>1. Order Shipping<\/h3><p>Our orders are shipped by the carrier DPD.<\/p><p>When your order is dispatched, you will receive an email with all the relevant shipping information, including the delivery estimate and the carrier responsible for the delivery.<\/p><p>\u00a0<\/p><h3>2. Important Information for Delivery<\/h3><p>It is crucial that you correctly fill in the delivery address. Be sure to include details such as door number, floor, orientation (left, right), and if it is a company or shop, please provide the name.<\/p><p>We also recommend providing a mobile phone contact, as it may be necessary to contact you during the delivery process.<\/p><p>\u00a0<\/p><h3>3. Delivery Timeframe<\/h3><p>The delivery timeframe may vary depending on the volume of orders we have to process, as well as the availability of sizes and colors in stock. In case of stock shortages, the shipping may take between 7 to 15 business days. If this occurs, we will contact you with an update.<\/p><p>\u00a0<\/p><h3>4. Shipping Costs and Times<\/h3><ul><li style=\"list-style-type: none;\"><ul><li><strong>Shipping within Portuga<\/strong> \u2014 Up to 5 business days \u2014 \u20ac4.99<\/li><li><strong>International Shipping<\/strong> \u2014 Up to 15 business days \u2014 \u20ac9.99<\/li><\/ul><\/li><\/ul><p><strong>FREE SHIPPING<\/strong> for orders over \u20ac60 within Portugal.<\/p><p>\u00a0<\/p><h3>5. Dependency on Carriers<\/h3><p>Since we depend on other entities, namely the carriers, we cannot fully control the delivery times. We will do our best to ensure your order arrives within the estimated timeframe, but unforeseen events beyond our control may occur.<\/p><p>\u00a0<\/p><h3>6. Customized Orders<\/h3><p>In the case of a customized order, the delivery timeframe will only be provided after the order details are confirmed and payment is made.<\/p><p>If you would like a customized item to your liking, please do not hesitate to contact us via email to request a quote.<\/p>\t\t\t\t\t\t\t\t<\/div>\n\t\t\t\t<\/div>\n\t\t\t\t\t<\/div>\n\t\t<\/div>\n\t\t\t\t\t<\/div>\n\t\t<\/section>\n\t\t\t\t<section data-ka-cursor-size=\"1\" class=\"elementor-section elementor-top-section elementor-element elementor-element-3bb41c59 elementor-section-height-min-height elementor-section-full_width elementor-section-stretched elementor-section-height-default elementor-section-items-middle\" data-id=\"3bb41c59\" data-element_type=\"section\" data-e-type=\"section\" data-settings=\"{&quot;background_background&quot;:&quot;video&quot;,&quot;background_video_link&quot;:&quot;\\\/wp-content\\\/uploads\\\/2021\\\/10\\\/pexels-adrien-jacta-6430497.mp4&quot;,&quot;background_play_on_mobile&quot;:&quot;yes&quot;,&quot;shape_divider_top&quot;:&quot;waves&quot;,&quot;stretch_section&quot;:&quot;section-stretched&quot;,&quot;kng_cursor_interaction&quot;:&quot;default&quot;,&quot;kng_cursor_magnetic&quot;:&quot;none&quot;,&quot;kng_cursor_size_multiplier&quot;:{&quot;unit&quot;:&quot;px&quot;,&quot;size&quot;:1,&quot;sizes&quot;:[]}}\">\n\t\t\t\t\t\t\t\t<div class=\"elementor-background-video-container\">\n\t\t\t\t\t\t\t\t\t\t\t\t\t<video class=\"elementor-background-video-hosted\" role=\"presentation\" autoplay muted playsinline loop><\/video>\n\t\t\t\t\t\t\t\t\t\t\t<\/div>\n\t\t\t\t\t\t\t\t\t<div class=\"elementor-background-overlay\"><\/div>\n\t\t\t\t\t\t<div class=\"elementor-shape elementor-shape-top\" aria-hidden=\"true\" data-negative=\"false\">\n\t\t\t<svg xmlns=\"http:\/\/www.w3.org\/2000\/svg\" viewbox=\"0 0 1000 100\" preserveaspectratio=\"none\">\n\t<path class=\"elementor-shape-fill\" d=\"M421.9,6.5c22.6-2.5,51.5,0.4,75.5,5.3c23.6,4.9,70.9,23.5,100.5,35.7c75.8,32.2,133.7,44.5,192.6,49.7\tc23.6,2.1,48.7,3.5,103.4-2.5c54.7-6,106.2-25.6,106.2-25.6V0H0v30.3c0,0,72,32.6,158.4,30.5c39.2-0.7,92.8-6.7,134-22.4\tc21.2-8.1,52.2-18.2,79.7-24.2C399.3,7.9,411.6,7.5,421.9,6.5z\"\/>\n<\/svg>\t\t<\/div>\n\t\t\t\t\t<div class=\"elementor-container elementor-column-gap-default\">\n\t\t\t\t\t<div data-ka-cursor-size=\"1\" class=\"elementor-column elementor-col-100 elementor-top-column elementor-element elementor-element-62bb85fe\" data-id=\"62bb85fe\" data-element_type=\"column\" data-e-type=\"column\" data-settings=\"{&quot;kng_cursor_interaction&quot;:&quot;default&quot;,&quot;kng_cursor_magnetic&quot;:&quot;none&quot;,&quot;kng_cursor_size_multiplier&quot;:{&quot;unit&quot;:&quot;px&quot;,&quot;size&quot;:1,&quot;sizes&quot;:[]}}\">\n\t\t\t<div class=\"elementor-widget-wrap elementor-element-populated\">\n\t\t\t\t\t\t<section data-ka-cursor-size=\"1\" class=\"elementor-section elementor-inner-section elementor-element elementor-element-4cf3e6da elementor-section-boxed elementor-section-height-default elementor-section-height-default\" data-id=\"4cf3e6da\" data-element_type=\"section\" data-e-type=\"section\" data-settings=\"{&quot;kng_cursor_interaction&quot;:&quot;default&quot;,&quot;kng_cursor_magnetic&quot;:&quot;none&quot;,&quot;kng_cursor_size_multiplier&quot;:{&quot;unit&quot;:&quot;px&quot;,&quot;size&quot;:1,&quot;sizes&quot;:[]}}\">\n\t\t\t\t\t\t<div class=\"elementor-container elementor-column-gap-default\">\n\t\t\t\t\t<div data-ka-cursor-size=\"1\" class=\"elementor-column elementor-col-100 elementor-inner-column elementor-element elementor-element-2dce16c\" data-id=\"2dce16c\" data-element_type=\"column\" data-e-type=\"column\" data-settings=\"{&quot;kng_cursor_interaction&quot;:&quot;default&quot;,&quot;kng_cursor_magnetic&quot;:&quot;none&quot;,&quot;kng_cursor_size_multiplier&quot;:{&quot;unit&quot;:&quot;px&quot;,&quot;size&quot;:1,&quot;sizes&quot;:[]}}\">\n\t\t\t<div class=\"elementor-widget-wrap elementor-element-populated\">\n\t\t\t\t\t\t<div data-ka-cursor-size=\"1\" class=\"elementor-element elementor-element-376248d4 elementor-widget elementor-widget-image\" data-id=\"376248d4\" data-element_type=\"widget\" data-e-type=\"widget\" data-settings=\"{&quot;kng_cursor_interaction&quot;:&quot;default&quot;,&quot;kng_cursor_magnetic&quot;:&quot;none&quot;,&quot;kng_cursor_size_multiplier&quot;:{&quot;unit&quot;:&quot;px&quot;,&quot;size&quot;:1,&quot;sizes&quot;:[]}}\" data-widget_type=\"image.default\">\n\t\t\t\t<div class=\"elementor-widget-container\">\n\t\t\t\t\t\t\t\t\t\t\t\t\t\t\t<img decoding=\"async\" width=\"158\" height=\"90\" src=\"https:\/\/fishcollection.store\/wp-content\/uploads\/2021\/10\/icon-wave-l.png\" class=\"attachment-large size-large wp-image-878\" alt=\"\" \/>\t\t\t\t\t\t\t\t\t\t\t\t\t\t\t<\/div>\n\t\t\t\t<\/div>\n\t\t\t\t<div data-ka-cursor-size=\"1\" class=\"elementor-element elementor-element-96b004 elementor-widget elementor-widget-heading\" data-id=\"96b004\" data-element_type=\"widget\" data-e-type=\"widget\" data-settings=\"{&quot;kng_cursor_interaction&quot;:&quot;default&quot;,&quot;kng_cursor_magnetic&quot;:&quot;none&quot;,&quot;kng_cursor_size_multiplier&quot;:{&quot;unit&quot;:&quot;px&quot;,&quot;size&quot;:1,&quot;sizes&quot;:[]}}\" data-widget_type=\"heading.default\">\n\t\t\t\t<div class=\"elementor-widget-container\">\n\t\t\t\t\t<h2 class=\"elementor-heading-title elementor-size-default\">Visit our online shop<\/h2>\t\t\t\t<\/div>\n\t\t\t\t<\/div>\n\t\t\t\t<div data-ka-cursor-size=\"1\" class=\"elementor-element elementor-element-49c32ba8 elementor-widget elementor-widget-text-editor\" data-id=\"49c32ba8\" data-element_type=\"widget\" data-e-type=\"widget\" data-settings=\"{&quot;kng_cursor_interaction&quot;:&quot;default&quot;,&quot;kng_cursor_magnetic&quot;:&quot;none&quot;,&quot;kng_cursor_size_multiplier&quot;:{&quot;unit&quot;:&quot;px&quot;,&quot;size&quot;:1,&quot;sizes&quot;:[]}}\" data-widget_type=\"text-editor.default\">\n\t\t\t\t<div class=\"elementor-widget-container\">\n\t\t\t\t\t\t\t\t\t<p><span class=\"NormalTextRun SCXW75066358 BCX0\">Each product from <\/span><span class=\"NormalTextRun SpellingErrorV2Themed SCXW75066358 BCX0\">FishCollection.Store<\/span><span class=\"NormalTextRun SCXW75066358 BCX0\"> is a celebration of the beauty and mystery that reside in the salty waters of our planet.<\/span><\/p>\t\t\t\t\t\t\t\t<\/div>\n\t\t\t\t<\/div>\n\t\t\t\t<div data-ka-cursor-size=\"1\" class=\"elementor-element elementor-element-20d3d3fb elementor-widget elementor-widget-premium-addon-image-button\" data-id=\"20d3d3fb\" data-element_type=\"widget\" data-e-type=\"widget\" data-settings=\"{&quot;kng_cursor_interaction&quot;:&quot;default&quot;,&quot;kng_cursor_magnetic&quot;:&quot;none&quot;,&quot;kng_cursor_size_multiplier&quot;:{&quot;unit&quot;:&quot;px&quot;,&quot;size&quot;:1,&quot;sizes&quot;:[]}}\" data-widget_type=\"premium-addon-image-button.default\">\n\t\t\t\t<div class=\"elementor-widget-container\">\n\t\t\t\t\t\n\t\t<a class=\"premium-image-button-none premium-image-button premium-btn-lg premium-image-button-none\" href=\"\/en\/shop\/\">\n\t\t\t<div class=\"premium-image-button-text-icon-wrapper\">\n\n\t\t\t\t\n\t\t\t\t\t\t\t\t\t<span >\n\t\t\t\t\t\tShop\t\t\t\t\t<\/span>\n\t\t\t\t\n\t\t\t<\/div>\n\n\t\t\t\n\t\t\t\n\t\t\t\n\t\t<\/a>\n\n\t\t\t\t\t\t<\/div>\n\t\t\t\t<\/div>\n\t\t\t\t\t<\/div>\n\t\t<\/div>\n\t\t\t\t\t<\/div>\n\t\t<\/section>\n\t\t\t\t\t<\/div>\n\t\t<\/div>\n\t\t\t\t\t<\/div>\n\t\t<\/section>\n\t\t\t\t<\/div>","protected":false},"excerpt":{"rendered":"<p>Pol\u00edtica de Envios &#8211; Fish Collection 1. Envio das Encomendas As nossas encomendas s\u00e3o enviadas pela transportadora DPD. Quando a sua encomenda for enviada, receber\u00e1 um e-mail com toda a informa\u00e7\u00e3o relativa ao envio, incluindo a previs\u00e3o de entrega e a transportadora respons\u00e1vel pela entrega. \u00a0 2. Informa\u00e7\u00f5es Importantes para a Entrega \u00c9 fundamental que [&hellip;]<\/p>\n","protected":false},"author":1,"featured_media":0,"parent":0,"menu_order":0,"comment_status":"closed","ping_status":"closed","template":"","meta":{"_themeisle_gutenberg_block_has_review":false,"footnotes":""},"class_list":["post-3430","page","type-page","status-publish","hentry"],"yoast_head":"<!-- This site is optimized with the Yoast SEO plugin v27.3 - https:\/\/yoast.com\/product\/yoast-seo-wordpress\/ -->\n<title>Informa\u00e7\u00e3o de Envio - FishCollectionStore<\/title>\n<meta name=\"robots\" content=\"index, follow, max-snippet:-1, max-image-preview:large, max-video-preview:-1\" \/>\n<link rel=\"canonical\" href=\"https:\/\/fishcollection.store\/en\/shipping-information\/\" \/>\n<meta property=\"og:locale\" content=\"en_GB\" \/>\n<meta property=\"og:type\" content=\"article\" \/>\n<meta property=\"og:title\" content=\"Informa\u00e7\u00e3o de Envio - FishCollectionStore\" \/>\n<meta property=\"og:description\" content=\"Pol\u00edtica de Envios &#8211; Fish Collection 1. Envio das Encomendas As nossas encomendas s\u00e3o enviadas pela transportadora DPD. Quando a sua encomenda for enviada, receber\u00e1 um e-mail com toda a informa\u00e7\u00e3o relativa ao envio, incluindo a previs\u00e3o de entrega e a transportadora respons\u00e1vel pela entrega. \u00a0 2. Informa\u00e7\u00f5es Importantes para a Entrega \u00c9 fundamental que [&hellip;]\" \/>\n<meta property=\"og:url\" content=\"https:\/\/fishcollection.store\/en\/shipping-information\/\" \/>\n<meta property=\"og:site_name\" content=\"FishCollectionStore\" \/>\n<meta property=\"article:modified_time\" content=\"2024-08-29T15:02:03+00:00\" \/>\n<meta property=\"og:image\" content=\"https:\/\/fishcollection.store\/wp-content\/uploads\/2021\/10\/icon-wave-l.png\" \/>\n<meta name=\"twitter:card\" content=\"summary_large_image\" \/>\n<meta name=\"twitter:label1\" content=\"Estimated reading time\" \/>\n\t<meta name=\"twitter:data1\" content=\"2 minutes\" \/>\n<script type=\"application\/ld+json\" class=\"yoast-schema-graph\">{\"@context\":\"https:\\\/\\\/schema.org\",\"@graph\":[{\"@type\":\"WebPage\",\"@id\":\"https:\\\/\\\/fishcollection.store\\\/informacao-de-envio\\\/\",\"url\":\"https:\\\/\\\/fishcollection.store\\\/informacao-de-envio\\\/\",\"name\":\"Informa\u00e7\u00e3o de Envio - FishCollectionStore\",\"isPartOf\":{\"@id\":\"https:\\\/\\\/fishcollection.store\\\/#website\"},\"primaryImageOfPage\":{\"@id\":\"https:\\\/\\\/fishcollection.store\\\/informacao-de-envio\\\/#primaryimage\"},\"image\":{\"@id\":\"https:\\\/\\\/fishcollection.store\\\/informacao-de-envio\\\/#primaryimage\"},\"thumbnailUrl\":\"https:\\\/\\\/fishcollection.store\\\/wp-content\\\/uploads\\\/2021\\\/10\\\/icon-wave-l.png\",\"datePublished\":\"2024-08-29T15:01:15+00:00\",\"dateModified\":\"2024-08-29T15:02:03+00:00\",\"breadcrumb\":{\"@id\":\"https:\\\/\\\/fishcollection.store\\\/informacao-de-envio\\\/#breadcrumb\"},\"inLanguage\":\"en-GB\",\"potentialAction\":[{\"@type\":\"ReadAction\",\"target\":[\"https:\\\/\\\/fishcollection.store\\\/informacao-de-envio\\\/\"]}]},{\"@type\":\"ImageObject\",\"inLanguage\":\"en-GB\",\"@id\":\"https:\\\/\\\/fishcollection.store\\\/informacao-de-envio\\\/#primaryimage\",\"url\":\"https:\\\/\\\/fishcollection.store\\\/wp-content\\\/uploads\\\/2021\\\/10\\\/icon-wave-l.png\",\"contentUrl\":\"https:\\\/\\\/fishcollection.store\\\/wp-content\\\/uploads\\\/2021\\\/10\\\/icon-wave-l.png\"},{\"@type\":\"BreadcrumbList\",\"@id\":\"https:\\\/\\\/fishcollection.store\\\/informacao-de-envio\\\/#breadcrumb\",\"itemListElement\":[{\"@type\":\"ListItem\",\"position\":1,\"name\":\"Home\",\"item\":\"https:\\\/\\\/fishcollection.store\\\/\"},{\"@type\":\"ListItem\",\"position\":2,\"name\":\"Informa\u00e7\u00e3o de Envio\"}]},{\"@type\":\"WebSite\",\"@id\":\"https:\\\/\\\/fishcollection.store\\\/#website\",\"url\":\"https:\\\/\\\/fishcollection.store\\\/\",\"name\":\"FishCollectionStore\",\"description\":\"\",\"publisher\":{\"@id\":\"https:\\\/\\\/fishcollection.store\\\/#organization\"},\"potentialAction\":[{\"@type\":\"SearchAction\",\"target\":{\"@type\":\"EntryPoint\",\"urlTemplate\":\"https:\\\/\\\/fishcollection.store\\\/?s={search_term_string}\"},\"query-input\":{\"@type\":\"PropertyValueSpecification\",\"valueRequired\":true,\"valueName\":\"search_term_string\"}}],\"inLanguage\":\"en-GB\"},{\"@type\":\"Organization\",\"@id\":\"https:\\\/\\\/fishcollection.store\\\/#organization\",\"name\":\"FishCollectionStore\",\"url\":\"https:\\\/\\\/fishcollection.store\\\/\",\"logo\":{\"@type\":\"ImageObject\",\"inLanguage\":\"en-GB\",\"@id\":\"https:\\\/\\\/fishcollection.store\\\/#\\\/schema\\\/logo\\\/image\\\/\",\"url\":\"https:\\\/\\\/fishcollection.store\\\/wp-content\\\/uploads\\\/2024\\\/07\\\/cropped-fish_eye.png\",\"contentUrl\":\"https:\\\/\\\/fishcollection.store\\\/wp-content\\\/uploads\\\/2024\\\/07\\\/cropped-fish_eye.png\",\"width\":570,\"height\":534,\"caption\":\"FishCollectionStore\"},\"image\":{\"@id\":\"https:\\\/\\\/fishcollection.store\\\/#\\\/schema\\\/logo\\\/image\\\/\"}}]}<\/script>\n<!-- \/ Yoast SEO plugin. -->","yoast_head_json":{"title":"Shipping Information - FishCollectionStore","robots":{"index":"index","follow":"follow","max-snippet":"max-snippet:-1","max-image-preview":"max-image-preview:large","max-video-preview":"max-video-preview:-1"},"canonical":"https:\/\/fishcollection.store\/en\/shipping-information\/","og_locale":"en_GB","og_type":"article","og_title":"Informa\u00e7\u00e3o de Envio - FishCollectionStore","og_description":"Pol\u00edtica de Envios &#8211; Fish Collection 1. Envio das Encomendas As nossas encomendas s\u00e3o enviadas pela transportadora DPD. Quando a sua encomenda for enviada, receber\u00e1 um e-mail com toda a informa\u00e7\u00e3o relativa ao envio, incluindo a previs\u00e3o de entrega e a transportadora respons\u00e1vel pela entrega. \u00a0 2. Informa\u00e7\u00f5es Importantes para a Entrega \u00c9 fundamental que [&hellip;]","og_url":"https:\/\/fishcollection.store\/en\/shipping-information\/","og_site_name":"FishCollectionStore","article_modified_time":"2024-08-29T15:02:03+00:00","og_image":[{"url":"https:\/\/fishcollection.store\/wp-content\/uploads\/2021\/10\/icon-wave-l.png","type":"","width":"","height":""}],"twitter_card":"summary_large_image","twitter_misc":{"Estimated reading time":"2 minutes"},"schema":{"@context":"https:\/\/schema.org","@graph":[{"@type":"WebPage","@id":"https:\/\/fishcollection.store\/informacao-de-envio\/","url":"https:\/\/fishcollection.store\/informacao-de-envio\/","name":"Shipping Information - FishCollectionStore","isPartOf":{"@id":"https:\/\/fishcollection.store\/#website"},"primaryImageOfPage":{"@id":"https:\/\/fishcollection.store\/informacao-de-envio\/#primaryimage"},"image":{"@id":"https:\/\/fishcollection.store\/informacao-de-envio\/#primaryimage"},"thumbnailUrl":"https:\/\/fishcollection.store\/wp-content\/uploads\/2021\/10\/icon-wave-l.png","datePublished":"2024-08-29T15:01:15+00:00","dateModified":"2024-08-29T15:02:03+00:00","breadcrumb":{"@id":"https:\/\/fishcollection.store\/informacao-de-envio\/#breadcrumb"},"inLanguage":"en-GB","potentialAction":[{"@type":"ReadAction","target":["https:\/\/fishcollection.store\/informacao-de-envio\/"]}]},{"@type":"ImageObject","inLanguage":"en-GB","@id":"https:\/\/fishcollection.store\/informacao-de-envio\/#primaryimage","url":"https:\/\/fishcollection.store\/wp-content\/uploads\/2021\/10\/icon-wave-l.png","contentUrl":"https:\/\/fishcollection.store\/wp-content\/uploads\/2021\/10\/icon-wave-l.png"},{"@type":"BreadcrumbList","@id":"https:\/\/fishcollection.store\/informacao-de-envio\/#breadcrumb","itemListElement":[{"@type":"ListItem","position":1,"name":"Home","item":"https:\/\/fishcollection.store\/"},{"@type":"ListItem","position":2,"name":"Informa\u00e7\u00e3o de Envio"}]},{"@type":"WebSite","@id":"https:\/\/fishcollection.store\/#website","url":"https:\/\/fishcollection.store\/","name":"FishCollectionStore.","description":"","publisher":{"@id":"https:\/\/fishcollection.store\/#organization"},"potentialAction":[{"@type":"SearchAction","target":{"@type":"EntryPoint","urlTemplate":"https:\/\/fishcollection.store\/?s={search_term_string}"},"query-input":{"@type":"PropertyValueSpecification","valueRequired":true,"valueName":"search_term_string"}}],"inLanguage":"en-GB"},{"@type":"Organization","@id":"https:\/\/fishcollection.store\/#organization","name":"FishCollectionStore.","url":"https:\/\/fishcollection.store\/","logo":{"@type":"ImageObject","inLanguage":"en-GB","@id":"https:\/\/fishcollection.store\/#\/schema\/logo\/image\/","url":"https:\/\/fishcollection.store\/wp-content\/uploads\/2024\/07\/cropped-fish_eye.png","contentUrl":"https:\/\/fishcollection.store\/wp-content\/uploads\/2024\/07\/cropped-fish_eye.png","width":570,"height":534,"caption":"FishCollectionStore"},"image":{"@id":"https:\/\/fishcollection.store\/#\/schema\/logo\/image\/"}}]}},"_links":{"self":[{"href":"https:\/\/fishcollection.store\/en\/wp-json\/wp\/v2\/pages\/3430","targetHints":{"allow":["GET"]}}],"collection":[{"href":"https:\/\/fishcollection.store\/en\/wp-json\/wp\/v2\/pages"}],"about":[{"href":"https:\/\/fishcollection.store\/en\/wp-json\/wp\/v2\/types\/page"}],"author":[{"embeddable":true,"href":"https:\/\/fishcollection.store\/en\/wp-json\/wp\/v2\/users\/1"}],"replies":[{"embeddable":true,"href":"https:\/\/fishcollection.store\/en\/wp-json\/wp\/v2\/comments?post=3430"}],"version-history":[{"count":4,"href":"https:\/\/fishcollection.store\/en\/wp-json\/wp\/v2\/pages\/3430\/revisions"}],"predecessor-version":[{"id":3434,"href":"https:\/\/fishcollection.store\/en\/wp-json\/wp\/v2\/pages\/3430\/revisions\/3434"}],"wp:attachment":[{"href":"https:\/\/fishcollection.store\/en\/wp-json\/wp\/v2\/media?parent=3430"}],"curies":[{"name":"wp","href":"https:\/\/api.w.org\/{rel}","templated":true}]}}