{"id":3000,"date":"2024-07-26T13:46:08","date_gmt":"2024-07-26T13:46:08","guid":{"rendered":"https:\/\/fishcollection.store\/?page_id=3000"},"modified":"2024-08-22T08:41:45","modified_gmt":"2024-08-22T08:41:45","slug":"privacybeleid","status":"publish","type":"page","link":"https:\/\/fishcollection.store\/nl\/politica-de-privacidade\/","title":{"rendered":"Privacybeleid"},"content":{"rendered":"<div data-elementor-type=\"wp-page\" data-elementor-id=\"3000\" class=\"elementor elementor-3000\">\n\t\t\t\t\t\t<section data-ka-cursor-size=\"1\" class=\"elementor-section elementor-top-section elementor-element elementor-element-9721c24 elementor-section-boxed elementor-section-height-default elementor-section-height-default\" data-id=\"9721c24\" data-element_type=\"section\" data-e-type=\"section\" data-settings=\"{&quot;kng_cursor_interaction&quot;:&quot;default&quot;,&quot;kng_cursor_magnetic&quot;:&quot;none&quot;,&quot;kng_cursor_size_multiplier&quot;:{&quot;unit&quot;:&quot;px&quot;,&quot;size&quot;:1,&quot;sizes&quot;:[]}}\">\n\t\t\t\t\t\t<div class=\"elementor-container elementor-column-gap-default\">\n\t\t\t\t\t<div data-ka-cursor-size=\"1\" class=\"elementor-column elementor-col-100 elementor-top-column elementor-element elementor-element-615dd4c\" data-id=\"615dd4c\" data-element_type=\"column\" data-e-type=\"column\" data-settings=\"{&quot;kng_cursor_interaction&quot;:&quot;default&quot;,&quot;kng_cursor_magnetic&quot;:&quot;none&quot;,&quot;kng_cursor_size_multiplier&quot;:{&quot;unit&quot;:&quot;px&quot;,&quot;size&quot;:1,&quot;sizes&quot;:[]}}\">\n\t\t\t<div class=\"elementor-widget-wrap elementor-element-populated\">\n\t\t\t\t\t\t<div data-ka-cursor-size=\"1\" class=\"elementor-element elementor-element-0d3eff3 elementor-widget elementor-widget-text-editor\" data-id=\"0d3eff3\" data-element_type=\"widget\" data-e-type=\"widget\" data-settings=\"{&quot;kng_cursor_interaction&quot;:&quot;default&quot;,&quot;kng_cursor_magnetic&quot;:&quot;none&quot;,&quot;kng_cursor_size_multiplier&quot;:{&quot;unit&quot;:&quot;px&quot;,&quot;size&quot;:1,&quot;sizes&quot;:[]}}\" data-widget_type=\"text-editor.default\">\n\t\t\t\t<div class=\"elementor-widget-container\">\n\t\t\t\t\t\t\t\t\t<h2><strong>Privacy- en cookiebeleid<\/strong><\/h2><p>Uw privacy is belangrijk voor ons. In dit privacy- en cookiebeleid wordt uitgelegd hoe wij uw persoonlijke gegevens verzamelen, gebruiken, openbaar maken en beschermen, en hoe cookies op onze website worden gebruikt.<\/p><p>\u00a0<\/p><h2><strong>Informatie verzamelen<\/strong><\/h2><p>Wanneer u onze site bezoekt, kunnen we persoonlijke gegevens verzamelen die u aan ons verstrekt, zoals uw naam, e-mailadres en contactgegevens. We kunnen ook automatisch informatie verzamelen over uw apparaat en uw gebruik van onze site door middel van cookies en andere trackingtechnologie\u00ebn.<\/p><p>\u00a0<\/p><h2><strong>Gebruik van informatie<\/strong><\/h2><p>We gebruiken de informatie die we verzamelen om onze diensten te leveren, uw ervaring op de site te personaliseren, met u te communiceren en onze producten en diensten te verbeteren. We delen uw persoonlijke gegevens niet met derden, behalve wanneer dit nodig is om onze diensten te leveren of om aan de wet te voldoen.<\/p><p>\u00a0<\/p><h2><strong>Cookiebeleid<\/strong><\/h2><p>Cookies zijn kleine tekstbestanden die op uw apparaat worden opgeslagen wanneer u een website bezoekt. Wij gebruiken cookies om uw surfervaring te verbeteren, websiteverkeer te analyseren en inhoud te personaliseren. U kunt het gebruik van cookies regelen in uw browserinstellingen. Door onze website te blijven gebruiken, stemt u in met het gebruik van cookies in overeenstemming met dit beleid.<\/p><p>\u00a0<\/p><h2><strong>Informatiebescherming<\/strong><\/h2><p>We nemen maatregelen om uw persoonlijke gegevens te beschermen tegen ongeoorloofde toegang, wijziging, openbaarmaking of vernietiging. Het is echter belangrijk om te onthouden dat geen enkele methode van overdracht via het internet of elektronische opslag 100% veilig is.<\/p><p>\u00a0<\/p><h2><strong>Wijzigingen in dit beleid<\/strong><\/h2><p>We behouden ons het recht voor om dit Privacy- en cookiebeleid van tijd tot tijd bij te werken. We raden je aan deze pagina regelmatig te bekijken om op de hoogte te blijven van eventuele wijzigingen. Als je de site blijft gebruiken na het plaatsen van wijzigingen in dit Privacy- en cookiebeleid, wordt dit beschouwd als aanvaarding van deze wijzigingen.<\/p><p>\u00a0<\/p><h2><strong>Contact<\/strong><\/h2><p>Als je vragen hebt over dit Privacy- en cookiebeleid, neem dan contact met ons op via de gegevens op onze website.<\/p>\t\t\t\t\t\t\t\t<\/div>\n\t\t\t\t<\/div>\n\t\t\t\t\t<\/div>\n\t\t<\/div>\n\t\t\t\t\t<\/div>\n\t\t<\/section>\n\t\t\t\t<section data-ka-cursor-size=\"1\" class=\"elementor-section elementor-top-section elementor-element elementor-element-3145aea6 elementor-section-height-min-height elementor-section-full_width elementor-section-stretched elementor-section-height-default elementor-section-items-middle\" data-id=\"3145aea6\" data-element_type=\"section\" data-e-type=\"section\" data-settings=\"{&quot;background_background&quot;:&quot;video&quot;,&quot;background_video_link&quot;:&quot;\\\/wp-content\\\/uploads\\\/2021\\\/10\\\/pexels-adrien-jacta-6430497.mp4&quot;,&quot;background_play_on_mobile&quot;:&quot;yes&quot;,&quot;shape_divider_top&quot;:&quot;waves&quot;,&quot;stretch_section&quot;:&quot;section-stretched&quot;,&quot;kng_cursor_interaction&quot;:&quot;default&quot;,&quot;kng_cursor_magnetic&quot;:&quot;none&quot;,&quot;kng_cursor_size_multiplier&quot;:{&quot;unit&quot;:&quot;px&quot;,&quot;size&quot;:1,&quot;sizes&quot;:[]}}\">\n\t\t\t\t\t\t\t\t<div class=\"elementor-background-video-container\">\n\t\t\t\t\t\t\t\t\t\t\t\t\t<video class=\"elementor-background-video-hosted\" role=\"presentation\" autoplay muted playsinline loop><\/video>\n\t\t\t\t\t\t\t\t\t\t\t<\/div>\n\t\t\t\t\t\t\t\t\t<div class=\"elementor-background-overlay\"><\/div>\n\t\t\t\t\t\t<div class=\"elementor-shape elementor-shape-top\" aria-hidden=\"true\" data-negative=\"false\">\n\t\t\t<svg xmlns=\"http:\/\/www.w3.org\/2000\/svg\" viewbox=\"0 0 1000 100\" preserveaspectratio=\"none\">\n\t<path class=\"elementor-shape-fill\" d=\"M421.9,6.5c22.6-2.5,51.5,0.4,75.5,5.3c23.6,4.9,70.9,23.5,100.5,35.7c75.8,32.2,133.7,44.5,192.6,49.7\tc23.6,2.1,48.7,3.5,103.4-2.5c54.7-6,106.2-25.6,106.2-25.6V0H0v30.3c0,0,72,32.6,158.4,30.5c39.2-0.7,92.8-6.7,134-22.4\tc21.2-8.1,52.2-18.2,79.7-24.2C399.3,7.9,411.6,7.5,421.9,6.5z\"\/>\n<\/svg>\t\t<\/div>\n\t\t\t\t\t<div class=\"elementor-container elementor-column-gap-default\">\n\t\t\t\t\t<div data-ka-cursor-size=\"1\" class=\"elementor-column elementor-col-100 elementor-top-column elementor-element elementor-element-5b065485\" data-id=\"5b065485\" data-element_type=\"column\" data-e-type=\"column\" data-settings=\"{&quot;kng_cursor_interaction&quot;:&quot;default&quot;,&quot;kng_cursor_magnetic&quot;:&quot;none&quot;,&quot;kng_cursor_size_multiplier&quot;:{&quot;unit&quot;:&quot;px&quot;,&quot;size&quot;:1,&quot;sizes&quot;:[]}}\">\n\t\t\t<div class=\"elementor-widget-wrap elementor-element-populated\">\n\t\t\t\t\t\t<section data-ka-cursor-size=\"1\" class=\"elementor-section elementor-inner-section elementor-element elementor-element-1399cbed elementor-section-boxed elementor-section-height-default elementor-section-height-default\" data-id=\"1399cbed\" data-element_type=\"section\" data-e-type=\"section\" data-settings=\"{&quot;kng_cursor_interaction&quot;:&quot;default&quot;,&quot;kng_cursor_magnetic&quot;:&quot;none&quot;,&quot;kng_cursor_size_multiplier&quot;:{&quot;unit&quot;:&quot;px&quot;,&quot;size&quot;:1,&quot;sizes&quot;:[]}}\">\n\t\t\t\t\t\t<div class=\"elementor-container elementor-column-gap-default\">\n\t\t\t\t\t<div data-ka-cursor-size=\"1\" class=\"elementor-column elementor-col-100 elementor-inner-column elementor-element elementor-element-27f091da\" data-id=\"27f091da\" data-element_type=\"column\" data-e-type=\"column\" data-settings=\"{&quot;kng_cursor_interaction&quot;:&quot;default&quot;,&quot;kng_cursor_magnetic&quot;:&quot;none&quot;,&quot;kng_cursor_size_multiplier&quot;:{&quot;unit&quot;:&quot;px&quot;,&quot;size&quot;:1,&quot;sizes&quot;:[]}}\">\n\t\t\t<div class=\"elementor-widget-wrap elementor-element-populated\">\n\t\t\t\t\t\t<div data-ka-cursor-size=\"1\" class=\"elementor-element elementor-element-2e9c56ef elementor-widget elementor-widget-image\" data-id=\"2e9c56ef\" data-element_type=\"widget\" data-e-type=\"widget\" data-settings=\"{&quot;kng_cursor_interaction&quot;:&quot;default&quot;,&quot;kng_cursor_magnetic&quot;:&quot;none&quot;,&quot;kng_cursor_size_multiplier&quot;:{&quot;unit&quot;:&quot;px&quot;,&quot;size&quot;:1,&quot;sizes&quot;:[]}}\" data-widget_type=\"image.default\">\n\t\t\t\t<div class=\"elementor-widget-container\">\n\t\t\t\t\t\t\t\t\t\t\t\t\t\t\t<img decoding=\"async\" width=\"158\" height=\"90\" src=\"https:\/\/fishcollection.store\/wp-content\/uploads\/2021\/10\/icon-wave-l.png\" class=\"attachment-large size-large wp-image-878\" alt=\"\" \/>\t\t\t\t\t\t\t\t\t\t\t\t\t\t\t<\/div>\n\t\t\t\t<\/div>\n\t\t\t\t<div data-ka-cursor-size=\"1\" class=\"elementor-element elementor-element-4303ce58 elementor-widget elementor-widget-heading\" data-id=\"4303ce58\" data-element_type=\"widget\" data-e-type=\"widget\" data-settings=\"{&quot;kng_cursor_interaction&quot;:&quot;default&quot;,&quot;kng_cursor_magnetic&quot;:&quot;none&quot;,&quot;kng_cursor_size_multiplier&quot;:{&quot;unit&quot;:&quot;px&quot;,&quot;size&quot;:1,&quot;sizes&quot;:[]}}\" data-widget_type=\"heading.default\">\n\t\t\t\t<div class=\"elementor-widget-container\">\n\t\t\t\t\t<h2 class=\"elementor-heading-title elementor-size-default\">Bezoek onze online winkel<\/h2>\t\t\t\t<\/div>\n\t\t\t\t<\/div>\n\t\t\t\t<div data-ka-cursor-size=\"1\" class=\"elementor-element elementor-element-417e4f2e elementor-widget elementor-widget-text-editor\" data-id=\"417e4f2e\" data-element_type=\"widget\" data-e-type=\"widget\" data-settings=\"{&quot;kng_cursor_interaction&quot;:&quot;default&quot;,&quot;kng_cursor_magnetic&quot;:&quot;none&quot;,&quot;kng_cursor_size_multiplier&quot;:{&quot;unit&quot;:&quot;px&quot;,&quot;size&quot;:1,&quot;sizes&quot;:[]}}\" data-widget_type=\"text-editor.default\">\n\t\t\t\t<div class=\"elementor-widget-container\">\n\t\t\t\t\t\t\t\t\t<p><span class=\"NormalTextRun SCXW75066358 BCX0\">Elk product van <\/span><span class=\"NormalTextRun SpellingErrorV2Themed SCXW75066358 BCX0\">FishCollection.Store<\/span><span class=\"NormalTextRun SCXW75066358 BCX0\"> is een viering van de schoonheid en het mysterie die schuilen in het zoute water van onze planeet.<\/span><\/p>\t\t\t\t\t\t\t\t<\/div>\n\t\t\t\t<\/div>\n\t\t\t\t<div data-ka-cursor-size=\"1\" class=\"elementor-element elementor-element-648daace elementor-widget elementor-widget-premium-addon-image-button\" data-id=\"648daace\" data-element_type=\"widget\" data-e-type=\"widget\" data-settings=\"{&quot;kng_cursor_interaction&quot;:&quot;default&quot;,&quot;kng_cursor_magnetic&quot;:&quot;none&quot;,&quot;kng_cursor_size_multiplier&quot;:{&quot;unit&quot;:&quot;px&quot;,&quot;size&quot;:1,&quot;sizes&quot;:[]}}\" data-widget_type=\"premium-addon-image-button.default\">\n\t\t\t\t<div class=\"elementor-widget-container\">\n\t\t\t\t\t\n\t\t<a class=\"premium-image-button-none premium-image-button premium-btn-lg premium-image-button-none\" href=\"\/nl\/winkel\/\">\n\t\t\t<div class=\"premium-image-button-text-icon-wrapper\">\n\n\t\t\t\t\n\t\t\t\t\t\t\t\t\t<span >\n\t\t\t\t\t\tWinkel\t\t\t\t\t<\/span>\n\t\t\t\t\n\t\t\t<\/div>\n\n\t\t\t\n\t\t\t\n\t\t\t\n\t\t<\/a>\n\n\t\t\t\t\t\t<\/div>\n\t\t\t\t<\/div>\n\t\t\t\t\t<\/div>\n\t\t<\/div>\n\t\t\t\t\t<\/div>\n\t\t<\/section>\n\t\t\t\t\t<\/div>\n\t\t<\/div>\n\t\t\t\t\t<\/div>\n\t\t<\/section>\n\t\t\t\t<\/div>","protected":false},"excerpt":{"rendered":"<p>Pol\u00edtica de Privacidade e Cookies A sua privacidade \u00e9 importante para n\u00f3s. Esta Pol\u00edtica de Privacidade e Cookies explica como recolhemos, utilizamos, divulgamos e protegemos as suas informa\u00e7\u00f5es pessoais, bem como o uso de cookies no nosso site. Recolha de Informa\u00e7\u00f5es Quando visita o nosso site, podemos recolher informa\u00e7\u00f5es pessoais que nos fornece, como o [&hellip;]<\/p>\n","protected":false},"author":1,"featured_media":0,"parent":0,"menu_order":0,"comment_status":"closed","ping_status":"closed","template":"","meta":{"_themeisle_gutenberg_block_has_review":false,"footnotes":""},"class_list":["post-3000","page","type-page","status-publish","hentry"],"yoast_head":"<!-- This site is optimized with the Yoast SEO plugin v27.3 - https:\/\/yoast.com\/product\/yoast-seo-wordpress\/ -->\n<title>Pol\u00edtica de Privacidade - FishCollectionStore<\/title>\n<meta name=\"description\" content=\"Pol\u00edtica de Privacidade e Cookies - A sua privacidade \u00e9 importante para n\u00f3s. Esta Pol\u00edtica de Privacidade e Cookies explica como recolhemos, utilizamos, divulgamos e protegemos as suas informa\u00e7\u00f5es pessoais, bem como o uso de cookies no nosso site.\" \/>\n<meta name=\"robots\" content=\"index, follow, max-snippet:-1, max-image-preview:large, max-video-preview:-1\" \/>\n<link rel=\"canonical\" href=\"https:\/\/fishcollection.store\/nl\/privacybeleid\/\" \/>\n<meta property=\"og:locale\" content=\"nl_NL\" \/>\n<meta property=\"og:type\" content=\"article\" \/>\n<meta property=\"og:title\" content=\"Pol\u00edtica de Privacidade - FishCollectionStore\" \/>\n<meta property=\"og:description\" content=\"Pol\u00edtica de Privacidade e Cookies - A sua privacidade \u00e9 importante para n\u00f3s. Esta Pol\u00edtica de Privacidade e Cookies explica como recolhemos, utilizamos, divulgamos e protegemos as suas informa\u00e7\u00f5es pessoais, bem como o uso de cookies no nosso site.\" \/>\n<meta property=\"og:url\" content=\"https:\/\/fishcollection.store\/nl\/privacybeleid\/\" \/>\n<meta property=\"og:site_name\" content=\"FishCollectionStore\" \/>\n<meta property=\"article:modified_time\" content=\"2024-08-22T08:41:45+00:00\" \/>\n<meta property=\"og:image\" content=\"https:\/\/fishcollection.store\/wp-content\/uploads\/2021\/10\/icon-wave-l.png\" \/>\n<meta name=\"twitter:card\" content=\"summary_large_image\" \/>\n<meta name=\"twitter:label1\" content=\"Geschatte leestijd\" \/>\n\t<meta name=\"twitter:data1\" content=\"2 minuten\" \/>\n<script type=\"application\/ld+json\" class=\"yoast-schema-graph\">{\"@context\":\"https:\\\/\\\/schema.org\",\"@graph\":[{\"@type\":\"WebPage\",\"@id\":\"https:\\\/\\\/fishcollection.store\\\/politica-de-privacidade\\\/\",\"url\":\"https:\\\/\\\/fishcollection.store\\\/politica-de-privacidade\\\/\",\"name\":\"Pol\u00edtica de Privacidade - FishCollectionStore\",\"isPartOf\":{\"@id\":\"https:\\\/\\\/fishcollection.store\\\/#website\"},\"primaryImageOfPage\":{\"@id\":\"https:\\\/\\\/fishcollection.store\\\/politica-de-privacidade\\\/#primaryimage\"},\"image\":{\"@id\":\"https:\\\/\\\/fishcollection.store\\\/politica-de-privacidade\\\/#primaryimage\"},\"thumbnailUrl\":\"https:\\\/\\\/fishcollection.store\\\/wp-content\\\/uploads\\\/2021\\\/10\\\/icon-wave-l.png\",\"datePublished\":\"2024-07-26T13:46:08+00:00\",\"dateModified\":\"2024-08-22T08:41:45+00:00\",\"description\":\"Pol\u00edtica de Privacidade e Cookies - A sua privacidade \u00e9 importante para n\u00f3s. Esta Pol\u00edtica de Privacidade e Cookies explica como recolhemos, utilizamos, divulgamos e protegemos as suas informa\u00e7\u00f5es pessoais, bem como o uso de cookies no nosso site.\",\"breadcrumb\":{\"@id\":\"https:\\\/\\\/fishcollection.store\\\/politica-de-privacidade\\\/#breadcrumb\"},\"inLanguage\":\"nl-NL\",\"potentialAction\":[{\"@type\":\"ReadAction\",\"target\":[\"https:\\\/\\\/fishcollection.store\\\/politica-de-privacidade\\\/\"]}]},{\"@type\":\"ImageObject\",\"inLanguage\":\"nl-NL\",\"@id\":\"https:\\\/\\\/fishcollection.store\\\/politica-de-privacidade\\\/#primaryimage\",\"url\":\"https:\\\/\\\/fishcollection.store\\\/wp-content\\\/uploads\\\/2021\\\/10\\\/icon-wave-l.png\",\"contentUrl\":\"https:\\\/\\\/fishcollection.store\\\/wp-content\\\/uploads\\\/2021\\\/10\\\/icon-wave-l.png\"},{\"@type\":\"BreadcrumbList\",\"@id\":\"https:\\\/\\\/fishcollection.store\\\/politica-de-privacidade\\\/#breadcrumb\",\"itemListElement\":[{\"@type\":\"ListItem\",\"position\":1,\"name\":\"Home\",\"item\":\"https:\\\/\\\/fishcollection.store\\\/\"},{\"@type\":\"ListItem\",\"position\":2,\"name\":\"Pol\u00edtica de Privacidade\"}]},{\"@type\":\"WebSite\",\"@id\":\"https:\\\/\\\/fishcollection.store\\\/#website\",\"url\":\"https:\\\/\\\/fishcollection.store\\\/\",\"name\":\"FishCollectionStore\",\"description\":\"\",\"publisher\":{\"@id\":\"https:\\\/\\\/fishcollection.store\\\/#organization\"},\"potentialAction\":[{\"@type\":\"SearchAction\",\"target\":{\"@type\":\"EntryPoint\",\"urlTemplate\":\"https:\\\/\\\/fishcollection.store\\\/?s={search_term_string}\"},\"query-input\":{\"@type\":\"PropertyValueSpecification\",\"valueRequired\":true,\"valueName\":\"search_term_string\"}}],\"inLanguage\":\"nl-NL\"},{\"@type\":\"Organization\",\"@id\":\"https:\\\/\\\/fishcollection.store\\\/#organization\",\"name\":\"FishCollectionStore\",\"url\":\"https:\\\/\\\/fishcollection.store\\\/\",\"logo\":{\"@type\":\"ImageObject\",\"inLanguage\":\"nl-NL\",\"@id\":\"https:\\\/\\\/fishcollection.store\\\/#\\\/schema\\\/logo\\\/image\\\/\",\"url\":\"https:\\\/\\\/fishcollection.store\\\/wp-content\\\/uploads\\\/2024\\\/07\\\/cropped-fish_eye.png\",\"contentUrl\":\"https:\\\/\\\/fishcollection.store\\\/wp-content\\\/uploads\\\/2024\\\/07\\\/cropped-fish_eye.png\",\"width\":570,\"height\":534,\"caption\":\"FishCollectionStore\"},\"image\":{\"@id\":\"https:\\\/\\\/fishcollection.store\\\/#\\\/schema\\\/logo\\\/image\\\/\"}}]}<\/script>\n<!-- \/ Yoast SEO plugin. -->","yoast_head_json":{"title":"Privacybeleid - VisCollectionStore","description":"Privacy- en cookiebeleid - Uw privacy is belangrijk voor ons. In dit privacy- en cookiebeleid wordt uitgelegd hoe wij uw persoonlijke gegevens verzamelen, gebruiken, openbaar maken en beschermen, en hoe cookies op onze website worden gebruikt.","robots":{"index":"index","follow":"follow","max-snippet":"max-snippet:-1","max-image-preview":"max-image-preview:large","max-video-preview":"max-video-preview:-1"},"canonical":"https:\/\/fishcollection.store\/nl\/privacybeleid\/","og_locale":"nl_NL","og_type":"article","og_title":"Pol\u00edtica de Privacidade - FishCollectionStore","og_description":"Pol\u00edtica de Privacidade e Cookies - A sua privacidade \u00e9 importante para n\u00f3s. Esta Pol\u00edtica de Privacidade e Cookies explica como recolhemos, utilizamos, divulgamos e protegemos as suas informa\u00e7\u00f5es pessoais, bem como o uso de cookies no nosso site.","og_url":"https:\/\/fishcollection.store\/nl\/privacybeleid\/","og_site_name":"FishCollectionStore","article_modified_time":"2024-08-22T08:41:45+00:00","og_image":[{"url":"https:\/\/fishcollection.store\/wp-content\/uploads\/2021\/10\/icon-wave-l.png","type":"","width":"","height":""}],"twitter_card":"summary_large_image","twitter_misc":{"Geschatte leestijd":"2 minuten"},"schema":{"@context":"https:\/\/schema.org","@graph":[{"@type":"WebPage","@id":"https:\/\/fishcollection.store\/politica-de-privacidade\/","url":"https:\/\/fishcollection.store\/politica-de-privacidade\/","name":"Privacybeleid - VisCollectionStore","isPartOf":{"@id":"https:\/\/fishcollection.store\/#website"},"primaryImageOfPage":{"@id":"https:\/\/fishcollection.store\/politica-de-privacidade\/#primaryimage"},"image":{"@id":"https:\/\/fishcollection.store\/politica-de-privacidade\/#primaryimage"},"thumbnailUrl":"https:\/\/fishcollection.store\/wp-content\/uploads\/2021\/10\/icon-wave-l.png","datePublished":"2024-07-26T13:46:08+00:00","dateModified":"2024-08-22T08:41:45+00:00","description":"Privacy- en cookiebeleid - Uw privacy is belangrijk voor ons. In dit privacy- en cookiebeleid wordt uitgelegd hoe wij uw persoonlijke gegevens verzamelen, gebruiken, openbaar maken en beschermen, en hoe cookies op onze website worden gebruikt.","breadcrumb":{"@id":"https:\/\/fishcollection.store\/politica-de-privacidade\/#breadcrumb"},"inLanguage":"nl-NL","potentialAction":[{"@type":"ReadAction","target":["https:\/\/fishcollection.store\/politica-de-privacidade\/"]}]},{"@type":"ImageObject","inLanguage":"nl-NL","@id":"https:\/\/fishcollection.store\/politica-de-privacidade\/#primaryimage","url":"https:\/\/fishcollection.store\/wp-content\/uploads\/2021\/10\/icon-wave-l.png","contentUrl":"https:\/\/fishcollection.store\/wp-content\/uploads\/2021\/10\/icon-wave-l.png"},{"@type":"BreadcrumbList","@id":"https:\/\/fishcollection.store\/politica-de-privacidade\/#breadcrumb","itemListElement":[{"@type":"ListItem","position":1,"name":"Home","item":"https:\/\/fishcollection.store\/"},{"@type":"ListItem","position":2,"name":"Pol\u00edtica de Privacidade"}]},{"@type":"WebSite","@id":"https:\/\/fishcollection.store\/#website","url":"https:\/\/fishcollection.store\/","name":"FishCollectionStore.","description":"","publisher":{"@id":"https:\/\/fishcollection.store\/#organization"},"potentialAction":[{"@type":"SearchAction","target":{"@type":"EntryPoint","urlTemplate":"https:\/\/fishcollection.store\/?s={search_term_string}"},"query-input":{"@type":"PropertyValueSpecification","valueRequired":true,"valueName":"search_term_string"}}],"inLanguage":"nl-NL"},{"@type":"Organization","@id":"https:\/\/fishcollection.store\/#organization","name":"FishCollectionStore.","url":"https:\/\/fishcollection.store\/","logo":{"@type":"ImageObject","inLanguage":"nl-NL","@id":"https:\/\/fishcollection.store\/#\/schema\/logo\/image\/","url":"https:\/\/fishcollection.store\/wp-content\/uploads\/2024\/07\/cropped-fish_eye.png","contentUrl":"https:\/\/fishcollection.store\/wp-content\/uploads\/2024\/07\/cropped-fish_eye.png","width":570,"height":534,"caption":"FishCollectionStore"},"image":{"@id":"https:\/\/fishcollection.store\/#\/schema\/logo\/image\/"}}]}},"_links":{"self":[{"href":"https:\/\/fishcollection.store\/nl\/wp-json\/wp\/v2\/pages\/3000","targetHints":{"allow":["GET"]}}],"collection":[{"href":"https:\/\/fishcollection.store\/nl\/wp-json\/wp\/v2\/pages"}],"about":[{"href":"https:\/\/fishcollection.store\/nl\/wp-json\/wp\/v2\/types\/page"}],"author":[{"embeddable":true,"href":"https:\/\/fishcollection.store\/nl\/wp-json\/wp\/v2\/users\/1"}],"replies":[{"embeddable":true,"href":"https:\/\/fishcollection.store\/nl\/wp-json\/wp\/v2\/comments?post=3000"}],"version-history":[{"count":8,"href":"https:\/\/fishcollection.store\/nl\/wp-json\/wp\/v2\/pages\/3000\/revisions"}],"predecessor-version":[{"id":3218,"href":"https:\/\/fishcollection.store\/nl\/wp-json\/wp\/v2\/pages\/3000\/revisions\/3218"}],"wp:attachment":[{"href":"https:\/\/fishcollection.store\/nl\/wp-json\/wp\/v2\/media?parent=3000"}],"curies":[{"name":"wp","href":"https:\/\/api.w.org\/{rel}","templated":true}]}}